{"id":1232,"date":"2026-02-20T17:51:27","date_gmt":"2026-02-20T16:51:27","guid":{"rendered":"https:\/\/dhd2026.digitalhumanities.de\/?page_id=1232"},"modified":"2026-02-22T18:26:29","modified_gmt":"2026-02-22T17:26:29","slug":"radihum20-podcast-sonderstaffel-zur-dhd2026","status":"publish","type":"page","link":"https:\/\/dhd2026.digitalhumanities.de\/?page_id=1232","title":{"rendered":"RaDiHum20 \u2013 Podcast-Sonderstaffel zur DHd2026"},"content":{"rendered":"\t\t<div data-elementor-type=\"wp-page\" data-elementor-id=\"1232\" class=\"elementor elementor-1232\">\n\t\t\t\t<div class=\"elementor-element elementor-element-42076280 e-flex e-con-boxed e-con e-parent\" data-id=\"42076280\" data-element_type=\"container\" data-e-type=\"container\">\n\t\t\t\t\t<div class=\"e-con-inner\">\n\t\t\t\t<div class=\"elementor-element elementor-element-57ec5c21 elementor-widget elementor-widget-text-editor\" data-id=\"57ec5c21\" data-element_type=\"widget\" data-e-type=\"widget\" data-widget_type=\"text-editor.default\">\n\t\t\t\t\t\t\t\t\t<p>Auch in diesem Jahr findet die DHd-Konferenz wieder mit medialer Begleitung durch den RaDiHum20-Podcast statt. Wir vom RaDiHum20-Team erstellen f\u00fcr euch eine Sonderstaffel mit unterschiedlichen Formaten. Wir starten mit einem klassischen Interview mit dem Organisationsteam der Konferenz. In der Woche vor der DHd-Konferenz 2026 in Wien pr\u00e4sentieren wir euch t\u00e4glich ein Kurzinterview, das zeigt, wer in Wien zu welchen Themen der DH forscht. Nach der Konferenz senden wir eine Folge mit Impressionen \u2013 zum Schwelgen in Erinnerungen oder f\u00fcr Daheimgebliebene, die ein wenig von der Atmosph\u00e4re mitbekommen m\u00f6chten. Au\u00dferdem planen wir auch wieder Interviews mit Personen, die ein Reisestipendium gewinnen konnten. Alle Updates zur DHd2026-Sonderstaffel findet ihr hier als kurze Zusammenfassung oder ausf\u00fchrlicher auf der \ud83d\udd17 <span style=\"text-decoration: underline;\"><a href=\"http:\/\/radihum20.de\">RaDiHum20-Webseite<\/a><\/span>.<\/p>\n<p>\u00dcbrigens: Wenn du gerne mit einem Kurzinterview bei unserer Impressionen-Folge dabei sein m\u00f6chtest, sprich uns gerne jederzeit auf der Konferenz an!<\/p>\n<p><!-- \/wp:paragraph --><!-- wp:heading --><\/p>\n<h2 class=\"wp-block-heading\">Podcast-Folgen zur DHd2026 in Wien<\/h2>\n<p><!-- \/wp:heading --><!-- wp:heading {\"level\":3} --><\/p>\n<h3 class=\"wp-block-heading\"><strong>Vor der DHd2026-Konferenz<\/strong><\/h3>\n<p><!-- \/wp:heading --><!-- wp:paragraph --><\/p>\n<p>\ud83d\udd17 <span style=\"text-decoration: underline;\"><a href=\"https:\/\/radihum20.de\/radihum20-spricht-mit-tara-andrews-und-gabriel-viehhauser\/\">Interview mit Tara Andrews und Gabriel Viehhauser zur Organisation der DHd2026<\/a><\/span><\/p>\n<p><!-- \/wp:paragraph --><!-- wp:heading {\"level\":3} --><\/p>\n<h3 class=\"wp-block-heading\"><strong>Mini-Serie mit Kurzinterviews mit Personen der Wiener DH<\/strong><\/h3>\n<p><!-- \/wp:heading --><!-- wp:paragraph --><\/p>\n<p>\ud83d\udd17 <span style=\"text-decoration: underline;\"><a href=\"https:\/\/radihum20.de\/radihum20-spricht-mit-andreas-baumann-ueber-die-wiener-digital-humanities\/\">Interview mit Andreas Baumann (Linguistik)<\/a><\/span><\/p>\n<p><!-- \/wp:paragraph --><!-- wp:paragraph --><\/p>\n<p>\ud83d\udd17 <span style=\"text-decoration: underline;\"><a href=\"https:\/\/radihum20.de\/radihum20-spricht-mit-maria-vargha-ueber-die-wiener-digital-humanities\/\">Interview mit Maria Vargha (mittelalterliche Geschichte)<\/a><\/span><\/p>\n<p><!-- \/wp:paragraph --><!-- wp:paragraph --><\/p>\n<p>\ud83d\udd17 <span style=\"text-decoration: underline;\"><a href=\"https:\/\/radihum20.de\/radihum20-spricht-mit-gabriel-viehhauser-ueber-die-wiener-digital-humanities\/\">Interview mit Gabriel Viehhauser (\u00e4ltere digitale Literaturwissenschaft)<\/a><\/span><\/p>\n<p><!-- \/wp:paragraph --><!-- wp:paragraph --><\/p>\n<p>\ud83d\udd17 <span style=\"text-decoration: underline;\"><a href=\"https:\/\/radihum20.de\/radihum20-spricht-mit-tara-andrews-uber-die-wiener-digital-humanities\/\">Interview mit Tara Andrews (Digital History und Studiengangsleitung des MA Digital Humanities)<\/a><\/span><\/p>\n<p><!-- \/wp:paragraph --><!-- wp:paragraph --><\/p>\n<p>\ud83d\udd17 <span style=\"text-decoration: underline;\"><a href=\"https:\/\/radihum20.de\/radihum20-spricht-mit-beatrice-nava-ueber-die-wiener-digital-humanities\/\">Interview mit Beatrice Nava (Komparatistik)<\/a><\/span><\/p>\n<p><!-- \/wp:paragraph --><!-- wp:paragraph --><\/p>\n<p>\ud83d\udd17 <span style=\"text-decoration: underline;\"><a href=\"https:\/\/radihum20.de\/radihum20-spricht-mit-axel-pichler-uber-die-wiener-digital-humanities\/\">Interview mit Axel Pichler (neuere digitale Literaturwissenschaft)<\/a><\/span><\/p>\n<p><!-- \/wp:paragraph --><!-- wp:heading {\"level\":3} --><\/p>\n<h3 class=\"wp-block-heading\"><strong>Nach der DHd2026-Konferenz<\/strong><\/h3>\n<p><!-- \/wp:heading --><!-- wp:paragraph --><\/p>\n<p>Impressionen von der DHd2026<\/p>\n<p><!-- \/wp:paragraph --><!-- wp:paragraph --><\/p>\n<p>Interview mit Reisestipendiat*innen<\/p>\n<p><!-- \/wp:paragraph --><\/p>\t\t\t\t\t\t\t\t<\/div>\n\t\t\t\t\t<\/div>\n\t\t\t\t<\/div>\n\t\t\t\t<\/div>\n\t\t","protected":false},"excerpt":{"rendered":"<p>Auch in diesem Jahr findet die DHd-Konferenz wieder mit medialer Begleitung durch den RaDiHum20-Podcast statt. Wir vom RaDiHum20-Team erstellen f\u00fcr euch eine Sonderstaffel mit unterschiedlichen Formaten. Wir starten mit einem klassischen Interview mit dem Organisationsteam der Konferenz. In der Woche vor der DHd-Konferenz 2026 in Wien pr\u00e4sentieren wir euch t\u00e4glich ein Kurzinterview, das zeigt, wer [&hellip;]<\/p>\n","protected":false},"author":7,"featured_media":0,"parent":501,"menu_order":0,"comment_status":"closed","ping_status":"closed","template":"wp-custom-template-footer-german","meta":{"inline_featured_image":false,"footnotes":""},"class_list":["post-1232","page","type-page","status-publish","hentry"],"_links":{"self":[{"href":"https:\/\/dhd2026.digitalhumanities.de\/index.php?rest_route=\/wp\/v2\/pages\/1232","targetHints":{"allow":["GET"]}}],"collection":[{"href":"https:\/\/dhd2026.digitalhumanities.de\/index.php?rest_route=\/wp\/v2\/pages"}],"about":[{"href":"https:\/\/dhd2026.digitalhumanities.de\/index.php?rest_route=\/wp\/v2\/types\/page"}],"author":[{"embeddable":true,"href":"https:\/\/dhd2026.digitalhumanities.de\/index.php?rest_route=\/wp\/v2\/users\/7"}],"replies":[{"embeddable":true,"href":"https:\/\/dhd2026.digitalhumanities.de\/index.php?rest_route=%2Fwp%2Fv2%2Fcomments&post=1232"}],"version-history":[{"count":22,"href":"https:\/\/dhd2026.digitalhumanities.de\/index.php?rest_route=\/wp\/v2\/pages\/1232\/revisions"}],"predecessor-version":[{"id":1266,"href":"https:\/\/dhd2026.digitalhumanities.de\/index.php?rest_route=\/wp\/v2\/pages\/1232\/revisions\/1266"}],"up":[{"embeddable":true,"href":"https:\/\/dhd2026.digitalhumanities.de\/index.php?rest_route=\/wp\/v2\/pages\/501"}],"wp:attachment":[{"href":"https:\/\/dhd2026.digitalhumanities.de\/index.php?rest_route=%2Fwp%2Fv2%2Fmedia&parent=1232"}],"curies":[{"name":"wp","href":"https:\/\/api.w.org\/{rel}","templated":true}]}}