{"id":454,"date":"2025-09-11T12:33:17","date_gmt":"2025-09-11T10:33:17","guid":{"rendered":"https:\/\/dhd2026.digitalhumanities.de\/?page_id=454"},"modified":"2026-02-03T09:27:12","modified_gmt":"2026-02-03T08:27:12","slug":"kontakt","status":"publish","type":"page","link":"https:\/\/dhd2026.digitalhumanities.de\/?page_id=454","title":{"rendered":"Kontakt &#038; Sponsoren"},"content":{"rendered":"\t\t<div data-elementor-type=\"wp-page\" data-elementor-id=\"454\" class=\"elementor elementor-454\">\n\t\t\t\t<div class=\"elementor-element elementor-element-4e021184 e-flex e-con-boxed e-con e-parent\" data-id=\"4e021184\" data-element_type=\"container\" data-e-type=\"container\">\n\t\t\t\t\t<div class=\"e-con-inner\">\n\t\t\t\t<div class=\"elementor-element elementor-element-d1cf619 elementor-widget elementor-widget-heading\" data-id=\"d1cf619\" data-element_type=\"widget\" data-e-type=\"widget\" data-widget_type=\"heading.default\">\n\t\t\t\t\t<h2 class=\"elementor-heading-title elementor-size-default\">Kontakt<\/h2>\t\t\t\t<\/div>\n\t\t\t\t<div class=\"elementor-element elementor-element-6eface7b elementor-widget elementor-widget-text-editor\" data-id=\"6eface7b\" data-element_type=\"widget\" data-e-type=\"widget\" data-widget_type=\"text-editor.default\">\n\t\t\t\t\t\t\t\t\t<p><\/p>\n<p>Sie haben Fragen zur Konferenz?<\/p>\n<p><\/p>\n<p>Dann schreiben Sie uns: <span style=\"text-decoration: underline;\"><a href=\"mailto:dhd2026@univie.ac.at\">dhd2026@univie.ac.at<\/a><\/span><\/p>\n<p><\/p>\n<p><\/p>\n<p><\/p>\t\t\t\t\t\t\t\t<\/div>\n\t\t\t\t\t<\/div>\n\t\t\t\t<\/div>\n\t\t<div class=\"elementor-element elementor-element-41f29c7 e-flex e-con-boxed e-con e-parent\" data-id=\"41f29c7\" data-element_type=\"container\" data-e-type=\"container\">\n\t\t\t\t\t<div class=\"e-con-inner\">\n\t\t\t\t<div class=\"elementor-element elementor-element-59dadcf elementor-widget elementor-widget-spacer\" data-id=\"59dadcf\" data-element_type=\"widget\" data-e-type=\"widget\" data-widget_type=\"spacer.default\">\n\t\t\t\t\t\t\t<div class=\"elementor-spacer\">\n\t\t\t<div class=\"elementor-spacer-inner\"><\/div>\n\t\t<\/div>\n\t\t\t\t\t\t<\/div>\n\t\t\t\t\t<\/div>\n\t\t\t\t<\/div>\n\t\t<div class=\"elementor-element elementor-element-aabde7b e-flex e-con-boxed e-con e-parent\" data-id=\"aabde7b\" data-element_type=\"container\" data-e-type=\"container\">\n\t\t\t\t\t<div class=\"e-con-inner\">\n\t\t\t\t<div class=\"elementor-element elementor-element-2060efc elementor-widget elementor-widget-heading\" data-id=\"2060efc\" data-element_type=\"widget\" data-e-type=\"widget\" data-widget_type=\"heading.default\">\n\t\t\t\t\t<h2 class=\"elementor-heading-title elementor-size-default\">Sponsoren und Partner<\/h2>\t\t\t\t<\/div>\n\t\t\t\t\t<\/div>\n\t\t\t\t<\/div>\n\t\t<div class=\"elementor-element elementor-element-fda8425 e-flex e-con-boxed e-con e-parent\" data-id=\"fda8425\" data-element_type=\"container\" data-e-type=\"container\">\n\t\t\t\t\t<div class=\"e-con-inner\">\n\t\t\t\t<div class=\"elementor-element elementor-element-bfaa624 elementor-widget elementor-widget-text-editor\" data-id=\"bfaa624\" data-element_type=\"widget\" data-e-type=\"widget\" data-widget_type=\"text-editor.default\">\n\t\t\t\t\t\t\t\t\t<ul>\n<li>Rektorat Universit\u00e4t Wien<\/li>\n<li>Historisch-Kulturwissenschaftliche Fakult\u00e4t<\/li>\n<li>Philologisch-Kulturwissenschaftliche Fakult\u00e4t<\/li>\n<li>CLARIAH-AT<\/li>\n<li>Stadt Wien<\/li>\n<li>Vienna Meeting Fund<\/li><li>Melusina Press<\/li>\n<\/ul>\t\t\t\t\t\t\t\t<\/div>\n\t\t\t\t\t<\/div>\n\t\t\t\t<\/div>\n\t\t<div class=\"elementor-element elementor-element-ea06191 e-flex e-con-boxed e-con e-parent\" data-id=\"ea06191\" data-element_type=\"container\" data-e-type=\"container\">\n\t\t\t\t\t<div class=\"e-con-inner\">\n\t\t\t\t<div class=\"elementor-element elementor-element-fdf7613 elementor-widget elementor-widget-text-editor\" data-id=\"fdf7613\" data-element_type=\"widget\" data-e-type=\"widget\" data-widget_type=\"text-editor.default\">\n\t\t\t\t\t\t\t\t\t<p><strong>Reisestipendien<\/strong><\/p>\n<ul>\n<li>DHd Verband<\/li>\n<li>CLARIAH-AT<\/li>\n<li>NFDI4Memory<\/li>\n<li>NFDI4Culture<\/li>\n<\/ul>\t\t\t\t\t\t\t\t<\/div>\n\t\t\t\t\t<\/div>\n\t\t\t\t<\/div>\n\t\t<div class=\"elementor-element elementor-element-7447e68 e-flex e-con-boxed e-con e-parent\" data-id=\"7447e68\" data-element_type=\"container\" data-e-type=\"container\">\n\t\t\t\t\t<div class=\"e-con-inner\">\n\t\t<div class=\"elementor-element elementor-element-5503ae0 e-con-full e-flex e-con e-child\" data-id=\"5503ae0\" data-element_type=\"container\" data-e-type=\"container\">\n\t\t\t\t<div class=\"elementor-element elementor-element-6eb8f5c elementor-widget-divider--view-line elementor-widget elementor-widget-divider\" data-id=\"6eb8f5c\" data-element_type=\"widget\" data-e-type=\"widget\" data-widget_type=\"divider.default\">\n\t\t\t\t\t\t\t<div class=\"elementor-divider\">\n\t\t\t<span class=\"elementor-divider-separator\">\n\t\t\t\t\t\t<\/span>\n\t\t<\/div>\n\t\t\t\t\t\t<\/div>\n\t\t\t\t<\/div>\n\t\t\t\t\t<\/div>\n\t\t\t\t<\/div>\n\t\t<div class=\"elementor-element elementor-element-7f8e802 e-flex e-con-boxed e-con e-parent\" data-id=\"7f8e802\" data-element_type=\"container\" data-e-type=\"container\">\n\t\t\t\t\t<div class=\"e-con-inner\">\n\t\t<div class=\"elementor-element elementor-element-6d07cf2 e-con-full e-flex e-con e-child\" data-id=\"6d07cf2\" data-element_type=\"container\" data-e-type=\"container\">\n\t\t\t\t<div class=\"elementor-element elementor-element-c0c3c9a elementor-widget elementor-widget-image\" data-id=\"c0c3c9a\" data-element_type=\"widget\" data-e-type=\"widget\" data-widget_type=\"image.default\">\n\t\t\t\t\t\t\t\t\t\t\t\t\t\t\t\t<a href=\"https:\/\/digitalhumanities.de\" target=\"_blank\">\n\t\t\t\t\t\t\t<img fetchpriority=\"high\" decoding=\"async\" width=\"1024\" height=\"369\" src=\"https:\/\/dhd2026.digitalhumanities.de\/wp-content\/uploads\/2025\/05\/dhd-3-1024x369.png\" class=\"attachment-large size-large wp-image-205\" alt=\"\" srcset=\"https:\/\/dhd2026.digitalhumanities.de\/wp-content\/uploads\/2025\/05\/dhd-3-1024x369.png 1024w, https:\/\/dhd2026.digitalhumanities.de\/wp-content\/uploads\/2025\/05\/dhd-3-300x108.png 300w, https:\/\/dhd2026.digitalhumanities.de\/wp-content\/uploads\/2025\/05\/dhd-3-768x276.png 768w, https:\/\/dhd2026.digitalhumanities.de\/wp-content\/uploads\/2025\/05\/dhd-3-1536x553.png 1536w, https:\/\/dhd2026.digitalhumanities.de\/wp-content\/uploads\/2025\/05\/dhd-3-2048x737.png 2048w\" sizes=\"(max-width: 1024px) 100vw, 1024px\" \/>\t\t\t\t\t\t\t\t<\/a>\n\t\t\t\t\t\t\t\t\t\t\t\t\t\t\t<\/div>\n\t\t\t\t<\/div>\n\t\t<div class=\"elementor-element elementor-element-fedaea5 e-con-full e-flex e-con e-child\" data-id=\"fedaea5\" data-element_type=\"container\" data-e-type=\"container\">\n\t\t\t\t<div class=\"elementor-element elementor-element-3e2c899 elementor-widget elementor-widget-image\" data-id=\"3e2c899\" data-element_type=\"widget\" data-e-type=\"widget\" data-widget_type=\"image.default\">\n\t\t\t\t\t\t\t\t\t\t\t\t\t\t\t\t<a href=\"https:\/\/www.univie.ac.at\" target=\"_blank\">\n\t\t\t\t\t\t\t<img decoding=\"async\" width=\"1024\" height=\"369\" src=\"https:\/\/dhd2026.digitalhumanities.de\/wp-content\/uploads\/2025\/05\/univie-2-1024x369.png\" class=\"attachment-large size-large wp-image-208\" alt=\"\" srcset=\"https:\/\/dhd2026.digitalhumanities.de\/wp-content\/uploads\/2025\/05\/univie-2-1024x369.png 1024w, https:\/\/dhd2026.digitalhumanities.de\/wp-content\/uploads\/2025\/05\/univie-2-300x108.png 300w, https:\/\/dhd2026.digitalhumanities.de\/wp-content\/uploads\/2025\/05\/univie-2-768x276.png 768w, https:\/\/dhd2026.digitalhumanities.de\/wp-content\/uploads\/2025\/05\/univie-2-1536x553.png 1536w, https:\/\/dhd2026.digitalhumanities.de\/wp-content\/uploads\/2025\/05\/univie-2-2048x737.png 2048w\" sizes=\"(max-width: 1024px) 100vw, 1024px\" \/>\t\t\t\t\t\t\t\t<\/a>\n\t\t\t\t\t\t\t\t\t\t\t\t\t\t\t<\/div>\n\t\t\t\t<\/div>\n\t\t<div class=\"elementor-element elementor-element-fd98757 e-con-full e-flex e-con e-child\" data-id=\"fd98757\" data-element_type=\"container\" data-e-type=\"container\">\n\t\t\t\t<div class=\"elementor-element elementor-element-9f7da89 elementor-widget elementor-widget-image\" data-id=\"9f7da89\" data-element_type=\"widget\" data-e-type=\"widget\" data-widget_type=\"image.default\">\n\t\t\t\t\t\t\t\t\t\t\t\t\t\t\t\t<a href=\"https:\/\/www.wien.gv.at\" target=\"_blank\">\n\t\t\t\t\t\t\t<img decoding=\"async\" width=\"1024\" height=\"369\" src=\"https:\/\/dhd2026.digitalhumanities.de\/wp-content\/uploads\/2025\/11\/Stadt-Wien-1024x369.png\" class=\"attachment-large size-large wp-image-625\" alt=\"\" srcset=\"https:\/\/dhd2026.digitalhumanities.de\/wp-content\/uploads\/2025\/11\/Stadt-Wien-1024x369.png 1024w, https:\/\/dhd2026.digitalhumanities.de\/wp-content\/uploads\/2025\/11\/Stadt-Wien-300x108.png 300w, https:\/\/dhd2026.digitalhumanities.de\/wp-content\/uploads\/2025\/11\/Stadt-Wien-768x276.png 768w, https:\/\/dhd2026.digitalhumanities.de\/wp-content\/uploads\/2025\/11\/Stadt-Wien-1536x553.png 1536w, https:\/\/dhd2026.digitalhumanities.de\/wp-content\/uploads\/2025\/11\/Stadt-Wien-2048x737.png 2048w\" sizes=\"(max-width: 1024px) 100vw, 1024px\" \/>\t\t\t\t\t\t\t\t<\/a>\n\t\t\t\t\t\t\t\t\t\t\t\t\t\t\t<\/div>\n\t\t\t\t<\/div>\n\t\t<div class=\"elementor-element elementor-element-d87fad5 e-con-full e-flex e-con e-child\" data-id=\"d87fad5\" data-element_type=\"container\" data-e-type=\"container\">\n\t\t\t\t<div class=\"elementor-element elementor-element-f92d81c elementor-widget elementor-widget-image\" data-id=\"f92d81c\" data-element_type=\"widget\" data-e-type=\"widget\" data-widget_type=\"image.default\">\n\t\t\t\t\t\t\t\t\t\t\t\t\t\t\t\t<a href=\"https:\/\/clariah.at\/de\/\">\n\t\t\t\t\t\t\t<img loading=\"lazy\" decoding=\"async\" width=\"1024\" height=\"369\" src=\"https:\/\/dhd2026.digitalhumanities.de\/wp-content\/uploads\/2025\/05\/clariah-2-1024x369.png\" class=\"attachment-large size-large wp-image-207\" alt=\"\" srcset=\"https:\/\/dhd2026.digitalhumanities.de\/wp-content\/uploads\/2025\/05\/clariah-2-1024x369.png 1024w, https:\/\/dhd2026.digitalhumanities.de\/wp-content\/uploads\/2025\/05\/clariah-2-300x108.png 300w, https:\/\/dhd2026.digitalhumanities.de\/wp-content\/uploads\/2025\/05\/clariah-2-768x276.png 768w, https:\/\/dhd2026.digitalhumanities.de\/wp-content\/uploads\/2025\/05\/clariah-2-1536x553.png 1536w, https:\/\/dhd2026.digitalhumanities.de\/wp-content\/uploads\/2025\/05\/clariah-2-2048x737.png 2048w\" sizes=\"(max-width: 1024px) 100vw, 1024px\" \/>\t\t\t\t\t\t\t\t<\/a>\n\t\t\t\t\t\t\t\t\t\t\t\t\t\t\t<\/div>\n\t\t\t\t<\/div>\n\t\t<div class=\"elementor-element elementor-element-1daa222 e-con-full e-flex e-con e-child\" data-id=\"1daa222\" data-element_type=\"container\" data-e-type=\"container\">\n\t\t\t\t<div class=\"elementor-element elementor-element-4672d41 elementor-widget elementor-widget-image\" data-id=\"4672d41\" data-element_type=\"widget\" data-e-type=\"widget\" data-widget_type=\"image.default\">\n\t\t\t\t\t\t\t\t\t\t\t\t\t\t\t\t<a href=\"https:\/\/4memory.de\" target=\"_blank\">\n\t\t\t\t\t\t\t<img loading=\"lazy\" decoding=\"async\" width=\"1024\" height=\"369\" src=\"https:\/\/dhd2026.digitalhumanities.de\/wp-content\/uploads\/2026\/02\/NFDIMemory-auf-1024x369.png\" class=\"attachment-large size-large wp-image-1164\" alt=\"\" srcset=\"https:\/\/dhd2026.digitalhumanities.de\/wp-content\/uploads\/2026\/02\/NFDIMemory-auf-1024x369.png 1024w, https:\/\/dhd2026.digitalhumanities.de\/wp-content\/uploads\/2026\/02\/NFDIMemory-auf-300x108.png 300w, https:\/\/dhd2026.digitalhumanities.de\/wp-content\/uploads\/2026\/02\/NFDIMemory-auf-768x276.png 768w, https:\/\/dhd2026.digitalhumanities.de\/wp-content\/uploads\/2026\/02\/NFDIMemory-auf-1536x553.png 1536w, https:\/\/dhd2026.digitalhumanities.de\/wp-content\/uploads\/2026\/02\/NFDIMemory-auf-2048x737.png 2048w\" sizes=\"(max-width: 1024px) 100vw, 1024px\" \/>\t\t\t\t\t\t\t\t<\/a>\n\t\t\t\t\t\t\t\t\t\t\t\t\t\t\t<\/div>\n\t\t\t\t<\/div>\n\t\t<div class=\"elementor-element elementor-element-edf5ebd e-con-full e-flex e-con e-child\" data-id=\"edf5ebd\" data-element_type=\"container\" data-e-type=\"container\">\n\t\t\t\t<div class=\"elementor-element elementor-element-6c26f95 elementor-widget elementor-widget-image\" data-id=\"6c26f95\" data-element_type=\"widget\" data-e-type=\"widget\" data-widget_type=\"image.default\">\n\t\t\t\t\t\t\t\t\t\t\t\t\t\t\t\t<a href=\"https:\/\/www.melusinapress.lu\" target=\"_blank\">\n\t\t\t\t\t\t\t<img loading=\"lazy\" decoding=\"async\" width=\"1024\" height=\"369\" src=\"https:\/\/dhd2026.digitalhumanities.de\/wp-content\/uploads\/2026\/02\/MP_Main_Logo-auf-1024x369.png\" class=\"attachment-large size-large wp-image-1145\" alt=\"\" srcset=\"https:\/\/dhd2026.digitalhumanities.de\/wp-content\/uploads\/2026\/02\/MP_Main_Logo-auf-1024x369.png 1024w, https:\/\/dhd2026.digitalhumanities.de\/wp-content\/uploads\/2026\/02\/MP_Main_Logo-auf-300x108.png 300w, https:\/\/dhd2026.digitalhumanities.de\/wp-content\/uploads\/2026\/02\/MP_Main_Logo-auf-768x276.png 768w, https:\/\/dhd2026.digitalhumanities.de\/wp-content\/uploads\/2026\/02\/MP_Main_Logo-auf-1536x553.png 1536w, https:\/\/dhd2026.digitalhumanities.de\/wp-content\/uploads\/2026\/02\/MP_Main_Logo-auf-2048x737.png 2048w\" sizes=\"(max-width: 1024px) 100vw, 1024px\" \/>\t\t\t\t\t\t\t\t<\/a>\n\t\t\t\t\t\t\t\t\t\t\t\t\t\t\t<\/div>\n\t\t\t\t<\/div>\n\t\t\t\t\t<\/div>\n\t\t\t\t<\/div>\n\t\t\t\t<\/div>\n\t\t","protected":false},"excerpt":{"rendered":"<p>Kontakt Sie haben Fragen zur Konferenz? Dann schreiben Sie uns: dhd2026@univie.ac.at Sponsoren und Partner Rektorat Universit\u00e4t Wien Historisch-Kulturwissenschaftliche Fakult\u00e4t Philologisch-Kulturwissenschaftliche Fakult\u00e4t CLARIAH-AT Stadt Wien Vienna Meeting Fund Melusina Press Reisestipendien DHd Verband CLARIAH-AT NFDI4Memory NFDI4Culture<\/p>\n","protected":false},"author":6,"featured_media":0,"parent":0,"menu_order":0,"comment_status":"closed","ping_status":"closed","template":"wp-custom-template-footer-german","meta":{"inline_featured_image":false,"footnotes":""},"class_list":["post-454","page","type-page","status-publish","hentry"],"_links":{"self":[{"href":"https:\/\/dhd2026.digitalhumanities.de\/index.php?rest_route=\/wp\/v2\/pages\/454","targetHints":{"allow":["GET"]}}],"collection":[{"href":"https:\/\/dhd2026.digitalhumanities.de\/index.php?rest_route=\/wp\/v2\/pages"}],"about":[{"href":"https:\/\/dhd2026.digitalhumanities.de\/index.php?rest_route=\/wp\/v2\/types\/page"}],"author":[{"embeddable":true,"href":"https:\/\/dhd2026.digitalhumanities.de\/index.php?rest_route=\/wp\/v2\/users\/6"}],"replies":[{"embeddable":true,"href":"https:\/\/dhd2026.digitalhumanities.de\/index.php?rest_route=%2Fwp%2Fv2%2Fcomments&post=454"}],"version-history":[{"count":37,"href":"https:\/\/dhd2026.digitalhumanities.de\/index.php?rest_route=\/wp\/v2\/pages\/454\/revisions"}],"predecessor-version":[{"id":1176,"href":"https:\/\/dhd2026.digitalhumanities.de\/index.php?rest_route=\/wp\/v2\/pages\/454\/revisions\/1176"}],"wp:attachment":[{"href":"https:\/\/dhd2026.digitalhumanities.de\/index.php?rest_route=%2Fwp%2Fv2%2Fmedia&parent=454"}],"curies":[{"name":"wp","href":"https:\/\/api.w.org\/{rel}","templated":true}]}}