{"id":559,"date":"2025-11-25T14:12:38","date_gmt":"2025-11-25T13:12:38","guid":{"rendered":"https:\/\/dhd2026.digitalhumanities.de\/?page_id=559"},"modified":"2025-12-02T15:16:33","modified_gmt":"2025-12-02T14:16:33","slug":"anreise-unterkunft","status":"publish","type":"page","link":"https:\/\/dhd2026.digitalhumanities.de\/?page_id=559","title":{"rendered":"Anreise &amp; Unterkunft"},"content":{"rendered":"\t\t<div data-elementor-type=\"wp-page\" data-elementor-id=\"559\" class=\"elementor elementor-559\">\n\t\t\t\t<div class=\"elementor-element elementor-element-ea7bfbb e-flex e-con-boxed e-con e-parent\" data-id=\"ea7bfbb\" data-element_type=\"container\" data-e-type=\"container\">\n\t\t\t\t\t<div class=\"e-con-inner\">\n\t\t\t\t<div class=\"elementor-element elementor-element-b89d086 elementor-widget elementor-widget-heading\" data-id=\"b89d086\" data-element_type=\"widget\" data-e-type=\"widget\" data-widget_type=\"heading.default\">\n\t\t\t\t\t<h2 class=\"elementor-heading-title elementor-size-default\">Tagungsort<\/h2>\t\t\t\t<\/div>\n\t\t\t\t\t<\/div>\n\t\t\t\t<\/div>\n\t\t<div class=\"elementor-element elementor-element-3a2a8ac e-flex e-con-boxed e-con e-parent\" data-id=\"3a2a8ac\" data-element_type=\"container\" data-e-type=\"container\">\n\t\t\t\t\t<div class=\"e-con-inner\">\n\t\t\t\t<div class=\"elementor-element elementor-element-51faddb elementor-widget elementor-widget-text-editor\" data-id=\"51faddb\" data-element_type=\"widget\" data-e-type=\"widget\" data-widget_type=\"text-editor.default\">\n\t\t\t\t\t\t\t\t\t<p>Die Konferenz findet im Hauptgeb\u00e4ude der Universit\u00e4t Wien statt.<\/p><p>Adresse: Universit\u00e4tsring 1, 1010 Wien &#8211; \u00d6sterreich<\/p>\t\t\t\t\t\t\t\t<\/div>\n\t\t\t\t\t<\/div>\n\t\t\t\t<\/div>\n\t\t<div class=\"elementor-element elementor-element-fd73a24 e-flex e-con-boxed e-con e-parent\" data-id=\"fd73a24\" data-element_type=\"container\" data-e-type=\"container\">\n\t\t\t\t\t<div class=\"e-con-inner\">\n\t\t\t\t<div class=\"elementor-element elementor-element-d010951 elementor-widget elementor-widget-google_maps\" data-id=\"d010951\" data-element_type=\"widget\" data-e-type=\"widget\" data-widget_type=\"google_maps.default\">\n\t\t\t\t\t\t\t<div class=\"elementor-custom-embed\">\n\t\t\t<iframe loading=\"lazy\"\n\t\t\t\t\tsrc=\"https:\/\/maps.google.com\/maps?q=Universit%C3%A4tsring%201%2C%201010%20Wien&#038;t=m&#038;z=16&#038;output=embed&#038;iwloc=near\"\n\t\t\t\t\ttitle=\"Universit\u00e4tsring 1, 1010 Wien\"\n\t\t\t\t\taria-label=\"Universit\u00e4tsring 1, 1010 Wien\"\n\t\t\t><\/iframe>\n\t\t<\/div>\n\t\t\t\t\t\t<\/div>\n\t\t\t\t\t<\/div>\n\t\t\t\t<\/div>\n\t\t<div class=\"elementor-element elementor-element-7b8bdbc e-flex e-con-boxed e-con e-parent\" data-id=\"7b8bdbc\" data-element_type=\"container\" data-e-type=\"container\">\n\t\t\t\t\t<div class=\"e-con-inner\">\n\t\t\t\t<div class=\"elementor-element elementor-element-94d9cc2 elementor-widget elementor-widget-text-editor\" data-id=\"94d9cc2\" data-element_type=\"widget\" data-e-type=\"widget\" data-widget_type=\"text-editor.default\">\n\t\t\t\t\t\t\t\t\t<p>Einen Geb\u00e4udeplan des Hauptgeb\u00e4udes finden Sie online \u00fcber folgenden <span style=\"text-decoration: underline;\"><a href=\"https:\/\/geschichtsforschung.univie.ac.at\/fileadmin\/user_upload\/i_geschichtsforschung\/Institutsseminare_24\/Hoersaal_5_Lageplan.pdf\" target=\"_blank\" rel=\"noopener\">Link<\/a><\/span>.<\/p>\t\t\t\t\t\t\t\t<\/div>\n\t\t\t\t\t<\/div>\n\t\t\t\t<\/div>\n\t\t<div class=\"elementor-element elementor-element-5e497fd e-flex e-con-boxed e-con e-parent\" data-id=\"5e497fd\" data-element_type=\"container\" data-e-type=\"container\">\n\t\t\t\t\t<div class=\"e-con-inner\">\n\t\t\t\t<div class=\"elementor-element elementor-element-9781002 elementor-widget elementor-widget-heading\" data-id=\"9781002\" data-element_type=\"widget\" data-e-type=\"widget\" data-widget_type=\"heading.default\">\n\t\t\t\t\t<h2 class=\"elementor-heading-title elementor-size-default\">Anreise<\/h2>\t\t\t\t<\/div>\n\t\t\t\t\t<\/div>\n\t\t\t\t<\/div>\n\t\t<div class=\"elementor-element elementor-element-2df0f27 e-flex e-con-boxed e-con e-parent\" data-id=\"2df0f27\" data-element_type=\"container\" data-e-type=\"container\">\n\t\t\t\t\t<div class=\"e-con-inner\">\n\t\t\t\t<div class=\"elementor-element elementor-element-e50cf1b elementor-widget elementor-widget-text-editor\" data-id=\"e50cf1b\" data-element_type=\"widget\" data-e-type=\"widget\" data-widget_type=\"text-editor.default\">\n\t\t\t\t\t\t\t\t\t<p>Wien ist einfach mit dem Zug, dem Flugzeug oder dem Auto erreichbar:<\/p><ul><li><strong>Zug:<\/strong> Innerhalb von Wien gibt es mehrere Bahnh\u00f6fe. Besonders der Hauptbahnhof Wien liegt zentral und bietet Direktverbindungen aus vielen europ\u00e4ischen St\u00e4dten, sowie vom Flughafen Wien-Schwechat (\u00d6BB).<\/li><li><strong>Flugzeug:<\/strong> Der Flughafen Wien-Schwechat (VIE) wird von zahlreichen europ\u00e4ischen und internationalen Destinationen direkt angeflogen.<\/li><li><strong>\u00d6ffentliche Verkehrsmittel:<\/strong> Das Hauptgeb\u00e4ude der Universit\u00e4t Wien ist mit den Stra\u00dfenbahnlinien 1, 2 und D (Station Schottentor), sowie mit der U2 (Station Schottentor) gut erreichbar.<\/li><\/ul><p><strong>Flugrabatte<\/strong><\/p><p>Mit der Anmeldebest\u00e4tigung der Konferenz erhalten Teilnehmende au\u00dferdem Informationen zu verg\u00fcnstigten Flugtarifen mit Lufthansa. Die Details zur Buchung dieser Sondertarife finden Sie in den Registrierungsunterlagen, die Ihnen per Mail zugesendet werden.<\/p>\t\t\t\t\t\t\t\t<\/div>\n\t\t\t\t\t<\/div>\n\t\t\t\t<\/div>\n\t\t<div class=\"elementor-element elementor-element-c45c402 e-flex e-con-boxed e-con e-parent\" data-id=\"c45c402\" data-element_type=\"container\" data-e-type=\"container\">\n\t\t\t\t\t<div class=\"e-con-inner\">\n\t\t\t\t<div class=\"elementor-element elementor-element-9d4dfb7 elementor-widget elementor-widget-heading\" data-id=\"9d4dfb7\" data-element_type=\"widget\" data-e-type=\"widget\" data-widget_type=\"heading.default\">\n\t\t\t\t\t<h2 class=\"elementor-heading-title elementor-size-default\">Unterkunft<\/h2>\t\t\t\t<\/div>\n\t\t\t\t\t<\/div>\n\t\t\t\t<\/div>\n\t\t<div class=\"elementor-element elementor-element-5b6babb e-flex e-con-boxed e-con e-parent\" data-id=\"5b6babb\" data-element_type=\"container\" data-e-type=\"container\">\n\t\t\t\t\t<div class=\"e-con-inner\">\n\t\t\t\t<div class=\"elementor-element elementor-element-cd27901 elementor-widget elementor-widget-text-editor\" data-id=\"cd27901\" data-element_type=\"widget\" data-e-type=\"widget\" data-widget_type=\"text-editor.default\">\n\t\t\t\t\t\t\t\t\t<p>Teilnehmende erhalten mit ihrer Anmeldebest\u00e4tigung ausf\u00fchrliche Informationen zur Hotelbuchung zu Sonderkonditionen.<\/p><p>Die Konferenzorganisatoren haben eine Reihe von Hotels f\u00fcr die Teilnehmer:innen vorausgew\u00e4hlt.<\/p><p>Bitte beachten Sie, dass dieses Angebot nur bis 6 Wochen vor Beginn der Konferenz verf\u00fcgbar ist.\u00a0<\/p><p>Die Stornierungsbedingungen liegen im Ermessen des jeweiligen Hotels. Die meisten Hotels erlauben eine kostenlose Stornierung bis zu 14 Tage vor Ihrer Ankunft. F\u00fcr weitere Informationen zu den Stornierungsbedingungen der einzelnen Hotels wenden Sie sich bitte an <span style=\"text-decoration: underline;\"><em><a href=\"mailto:congress@univie.ac.at\">congress@univie.ac.at<\/a><\/em><\/span>.\u00a0<\/p><p>Stornierungen m\u00fcssen per E-Mail an <span style=\"text-decoration: underline;\"><em><a href=\"mailto:congress@univie.ac.at\">congress@univie.ac.at<\/a><\/em><\/span> bekanntgegeben werden.<\/p><p><strong>Wichtige Informationen f\u00fcr Ihre Hotelbuchung:<\/strong><\/p><p>Hotelbuchungen sind nur f\u00fcr registrierte Teilnehmer:innen m\u00f6glich. Einen personalisierten Link f\u00fcr Hotelbuchungen finden Sie in Ihrer Anmeldebest\u00e4tigung (E-Mail).<\/p>\t\t\t\t\t\t\t\t<\/div>\n\t\t\t\t\t<\/div>\n\t\t\t\t<\/div>\n\t\t<div class=\"elementor-element elementor-element-93e8cac e-flex e-con-boxed e-con e-parent\" data-id=\"93e8cac\" data-element_type=\"container\" data-e-type=\"container\">\n\t\t\t\t\t<div class=\"e-con-inner\">\n\t\t\t\t<div class=\"elementor-element elementor-element-ab223d9 elementor-widget elementor-widget-heading\" data-id=\"ab223d9\" data-element_type=\"widget\" data-e-type=\"widget\" data-widget_type=\"heading.default\">\n\t\t\t\t\t<h2 class=\"elementor-heading-title elementor-size-default\">Fortbewegung in Wien<\/h2>\t\t\t\t<\/div>\n\t\t\t\t\t<\/div>\n\t\t\t\t<\/div>\n\t\t<div class=\"elementor-element elementor-element-36a1ad8 e-flex e-con-boxed e-con e-parent\" data-id=\"36a1ad8\" data-element_type=\"container\" data-e-type=\"container\">\n\t\t\t\t\t<div class=\"e-con-inner\">\n\t\t\t\t<div class=\"elementor-element elementor-element-06693ff elementor-widget elementor-widget-text-editor\" data-id=\"06693ff\" data-element_type=\"widget\" data-e-type=\"widget\" data-widget_type=\"text-editor.default\">\n\t\t\t\t\t\t\t\t\t<p>Die \u00f6ffentlichen Verkehrsmittel in Wien sind sehr gut ausgebaut und decken den gr\u00f6\u00dften Teil der Stadt ab. Es gibt verschiedene Fahrkarten, die \u00fcber die Wien Mobil App, an jeder U-Bahn-Station oder in der Stra\u00dfenbahn (Bar- oder Kartenzahlung) gekauft werden k\u00f6nnen. Die meisten Busse, Stra\u00dfenbahnen und U-Bahnen sind auch f\u00fcr Menschen mit eingeschr\u00e4nkter Mobilit\u00e4t zug\u00e4nglich, und alle U-Bahn- und S-Bahn-Stationen verf\u00fcgen \u00fcber Aufz\u00fcge (auch wenn diese manchmal etwas versteckt sind). Die zentralen Bereiche der Stadt sind auch sehr gut zu Fu\u00df zu erkunden. Wenn Sie also in der N\u00e4he des Veranstaltungsortes \u00fcbernachten, ist es m\u00f6glicherweise einfacher, sich zu Fu\u00df fortzubewegen. <br \/><br \/><\/p>\t\t\t\t\t\t\t\t<\/div>\n\t\t\t\t\t<\/div>\n\t\t\t\t<\/div>\n\t\t\t\t<\/div>\n\t\t","protected":false},"excerpt":{"rendered":"<p>Tagungsort Die Konferenz findet im Hauptgeb\u00e4ude der Universit\u00e4t Wien statt. Adresse: Universit\u00e4tsring 1, 1010 Wien &#8211; \u00d6sterreich Einen Geb\u00e4udeplan des Hauptgeb\u00e4udes finden Sie online \u00fcber folgenden Link. Anreise Wien ist einfach mit dem Zug, dem Flugzeug oder dem Auto erreichbar: Zug: Innerhalb von Wien gibt es mehrere Bahnh\u00f6fe. Besonders der Hauptbahnhof Wien liegt zentral und [&hellip;]<\/p>\n","protected":false},"author":6,"featured_media":0,"parent":0,"menu_order":0,"comment_status":"closed","ping_status":"closed","template":"wp-custom-template-footer-german","meta":{"inline_featured_image":false,"footnotes":""},"class_list":["post-559","page","type-page","status-publish","hentry"],"_links":{"self":[{"href":"https:\/\/dhd2026.digitalhumanities.de\/index.php?rest_route=\/wp\/v2\/pages\/559","targetHints":{"allow":["GET"]}}],"collection":[{"href":"https:\/\/dhd2026.digitalhumanities.de\/index.php?rest_route=\/wp\/v2\/pages"}],"about":[{"href":"https:\/\/dhd2026.digitalhumanities.de\/index.php?rest_route=\/wp\/v2\/types\/page"}],"author":[{"embeddable":true,"href":"https:\/\/dhd2026.digitalhumanities.de\/index.php?rest_route=\/wp\/v2\/users\/6"}],"replies":[{"embeddable":true,"href":"https:\/\/dhd2026.digitalhumanities.de\/index.php?rest_route=%2Fwp%2Fv2%2Fcomments&post=559"}],"version-history":[{"count":13,"href":"https:\/\/dhd2026.digitalhumanities.de\/index.php?rest_route=\/wp\/v2\/pages\/559\/revisions"}],"predecessor-version":[{"id":838,"href":"https:\/\/dhd2026.digitalhumanities.de\/index.php?rest_route=\/wp\/v2\/pages\/559\/revisions\/838"}],"wp:attachment":[{"href":"https:\/\/dhd2026.digitalhumanities.de\/index.php?rest_route=%2Fwp%2Fv2%2Fmedia&parent=559"}],"curies":[{"name":"wp","href":"https:\/\/api.w.org\/{rel}","templated":true}]}}