{"id":630,"date":"2025-11-26T11:41:07","date_gmt":"2025-11-26T10:41:07","guid":{"rendered":"https:\/\/dhd2026.digitalhumanities.de\/?page_id=630"},"modified":"2025-11-26T11:42:29","modified_gmt":"2025-11-26T10:42:29","slug":"anspruchsberechtigte","status":"publish","type":"page","link":"https:\/\/dhd2026.digitalhumanities.de\/?page_id=630","title":{"rendered":"Anspruchsberechtigte"},"content":{"rendered":"\t\t<div data-elementor-type=\"wp-page\" data-elementor-id=\"630\" class=\"elementor elementor-630\">\n\t\t\t\t<div class=\"elementor-element elementor-element-2ebc5ff e-flex e-con-boxed e-con e-parent\" data-id=\"2ebc5ff\" data-element_type=\"container\" data-e-type=\"container\">\n\t\t\t\t\t<div class=\"e-con-inner\">\n\t\t\t\t<div class=\"elementor-element elementor-element-70cf7aa elementor-widget elementor-widget-text-editor\" data-id=\"70cf7aa\" data-element_type=\"widget\" data-e-type=\"widget\" data-widget_type=\"text-editor.default\">\n\t\t\t\t\t\t\t\t\t<p>Der reduzierte Tarif kann von den folgenden Personengruppen in Anspruch genommen werden:<\/p><p>Beziehende laufender Leistungen nach den Sozialgesetzb\u00fcchern II und XII, Studierende (mit Ausnahme \u201eStudium im Alter\u201c), Promotionsstudierende mit Stipendium oder Arbeitsvertrag von bis zu 65%, Auszubildende, Freiwilligendienstleistende, Menschen mit einem Grad der Behinderung ab 80%, Personen im Ruhestand bzw. in Rente. F\u00fcr Personen in einer anderweitigen prek\u00e4ren finanziellen Situation, die keinen Berechtigungsnachweis erbringen k\u00f6nnen, ist eine Erm\u00e4\u00dfigung im Einzelfall m\u00f6glich.<\/p><p>Ein entsprechender Nachweis wird in Kopie erbeten.<\/p>\t\t\t\t\t\t\t\t<\/div>\n\t\t\t\t\t<\/div>\n\t\t\t\t<\/div>\n\t\t\t\t<\/div>\n\t\t","protected":false},"excerpt":{"rendered":"<p>Der reduzierte Tarif kann von den folgenden Personengruppen in Anspruch genommen werden: Beziehende laufender Leistungen nach den Sozialgesetzb\u00fcchern II und XII, Studierende (mit Ausnahme \u201eStudium im Alter\u201c), Promotionsstudierende mit Stipendium oder Arbeitsvertrag von bis zu 65%, Auszubildende, Freiwilligendienstleistende, Menschen mit einem Grad der Behinderung ab 80%, Personen im Ruhestand bzw. in Rente. F\u00fcr Personen in [&hellip;]<\/p>\n","protected":false},"author":6,"featured_media":0,"parent":0,"menu_order":0,"comment_status":"closed","ping_status":"closed","template":"wp-custom-template-footer-german","meta":{"inline_featured_image":false,"footnotes":""},"class_list":["post-630","page","type-page","status-publish","hentry"],"_links":{"self":[{"href":"https:\/\/dhd2026.digitalhumanities.de\/index.php?rest_route=\/wp\/v2\/pages\/630","targetHints":{"allow":["GET"]}}],"collection":[{"href":"https:\/\/dhd2026.digitalhumanities.de\/index.php?rest_route=\/wp\/v2\/pages"}],"about":[{"href":"https:\/\/dhd2026.digitalhumanities.de\/index.php?rest_route=\/wp\/v2\/types\/page"}],"author":[{"embeddable":true,"href":"https:\/\/dhd2026.digitalhumanities.de\/index.php?rest_route=\/wp\/v2\/users\/6"}],"replies":[{"embeddable":true,"href":"https:\/\/dhd2026.digitalhumanities.de\/index.php?rest_route=%2Fwp%2Fv2%2Fcomments&post=630"}],"version-history":[{"count":4,"href":"https:\/\/dhd2026.digitalhumanities.de\/index.php?rest_route=\/wp\/v2\/pages\/630\/revisions"}],"predecessor-version":[{"id":634,"href":"https:\/\/dhd2026.digitalhumanities.de\/index.php?rest_route=\/wp\/v2\/pages\/630\/revisions\/634"}],"wp:attachment":[{"href":"https:\/\/dhd2026.digitalhumanities.de\/index.php?rest_route=%2Fwp%2Fv2%2Fmedia&parent=630"}],"curies":[{"name":"wp","href":"https:\/\/api.w.org\/{rel}","templated":true}]}}